{"id":7325,"date":"2023-12-04T15:15:07","date_gmt":"2023-12-04T14:15:07","guid":{"rendered":"https:\/\/karma-games.com\/clans-of-caledonia\/ks-bonus-tiles\/"},"modified":"2025-06-27T10:50:27","modified_gmt":"2025-06-27T08:50:27","slug":"ks-bonus-tiles","status":"publish","type":"page","link":"https:\/\/karma-games.com\/de\/ks-bonus-tiles\/","title":{"rendered":"KS Bonus Tiles"},"content":{"rendered":"\n<p class=\"lead shortcode-error\">Open this in UX Builder to add and edit content<\/p>\n\n\n\t<section class=\"section\" id=\"section_384117455\">\n\t\t<div class=\"section-bg fill\" >\n\t\t\t\t\t\t\t\t\t\n\t\t\t\n\n\t\t<\/div>\n\n\t\t\n\n\t\t<div class=\"section-content relative\">\n\t\t\t\n\n\t<div id=\"text-1486810297\" class=\"text\">\n\t\t\n\n<h1> <a href=\"https:\/\/karma-games.com\/de\/clans-of-caledonia\/\"> Clans of Caledonia <\/a> <\/h1>\n\t\t\n<style>\n#text-1486810297 {\n  text-align: center;\n}\n<\/style>\n\t<\/div>\n\t\n<div class=\"nav-wrapper\"><ul class=\"nav nav-uppercase nav-horizontal nav-line text-center nav-center\"><p class=\"lead shortcode-error text-center\">Sorry, no pages was found<\/p><\/ul><\/div>\n\n\n\t\t<\/div>\n\n\t\t\n<style>\n#section_384117455 {\n  padding-top: 30px;\n  padding-bottom: 30px;\n}\n<\/style>\n\t<\/section>\n\t\n\n\t<section class=\"section\" id=\"section_598933171\">\n\t\t<div class=\"section-bg fill\" >\n\t\t\t\t\t\t\t\t\t\n\t\t\t\n\n\t\t<\/div>\n\n\t\t\n\n\t\t<div class=\"section-content relative\">\n\t\t\t\n\n<div class=\"row\"  id=\"row-125341981\">\n\n\n\t<div id=\"col-119160006\" class=\"col small-12 large-12\"  >\n\t\t\t\t<div class=\"col-inner\"  >\n\t\t\t\n\t\t\t\n\n<h1>Kickstarter Bonus Tiles<\/h1>\n<p>Ein Hafen-Bonuspl\u00e4ttchen, ein Wertungspl\u00e4ttchen und ein Clan-Pl\u00e4ttchen wurden der ersten Ausgabe von Clans of Caledonia w\u00e4hrend der Kickstarter-Kampagne hinzugef\u00fcgt. Sie wurden von den Kickstarter-Unterst\u00fctzern vorgeschlagen und sie haben unter ihren Vorschl\u00e4gen abgestimmt.<\/p>\n<h2>Clan MacEwen<\/h2>\n<p>Jedes Mal, wenn du einen Exportvertrag erf\u00fcllst, der dir Hopfen liefert, kannst du sofort 1 Bier f\u00fcr jede importierte Einheit Hopfen zum Preis von 1 Korn herstellen. F\u00fcr jede produzierte Einheit Bier erh\u00e4lt man <em><strong>\u00a39<\/strong>.<\/em> Nach weiteren Spieltests haben wir den vorl\u00e4ufigen Wert von <em><strong>\u00a39<\/strong><\/em> f\u00fcr ausgewogen befunden.<\/p>\n<p>Du kannst maximal 3 Bier pro Vertrag produzieren. So k\u00f6nnen Sie pro Exportvertrag maxima<strong>l 27<\/strong> <em><strong>\u00a3<\/strong><\/em> aus Ihrer Clan-F\u00e4higkeit gewinnen. Sie k\u00f6nnen w\u00e4hlen, ob Sie das Bier vor oder nach der Inanspruchnahme der Direktausfuhrpr\u00e4mien brauen.<\/p>\n<p>&nbsp;<\/p>\n<p><a href=\"https:\/\/karma-games.com\/clans-ks-tiles\/macewen-final\/#main\" rel=\"attachment wp-att-3922\"><img loading=\"lazy\" decoding=\"async\" class=\"alignleft size-full wp-image-3922\" src=\"https:\/\/karma-games.com\/wp-content\/uploads\/2018\/06\/MacEwen-FINAL.png\" alt=\"\" width=\"599\" height=\"382\" srcset=\"https:\/\/karma-games.com\/wp-content\/uploads\/2018\/06\/MacEwen-FINAL.png 599w, https:\/\/karma-games.com\/wp-content\/uploads\/2018\/06\/MacEwen-FINAL-510x325.png 510w\" sizes=\"auto, (max-width: 599px) 100vw, 599px\" \/><\/a><\/p>\n\n\t\t<\/div>\n\t\t\t\t\t<\/div>\n\n\t\n\n<\/div>\n\n\t\t<\/div>\n\n\t\t\n<style>\n#section_598933171 {\n  padding-top: 30px;\n  padding-bottom: 30px;\n}\n<\/style>\n\t<\/section>\n\t\n\n","protected":false},"excerpt":{"rendered":"","protected":false},"author":2,"featured_media":0,"parent":0,"menu_order":8,"comment_status":"closed","ping_status":"closed","template":"page-blank.php","meta":{"_monsterinsights_skip_tracking":false,"_monsterinsights_sitenote_active":false,"_monsterinsights_sitenote_note":"","_monsterinsights_sitenote_category":0,"_wp_convertkit_post_meta":{"form":"-1","landing_page":"","tag":"0","restrict_content":"0"},"footnotes":""},"class_list":["post-7325","page","type-page","status-publish","hentry"],"_links":{"self":[{"href":"https:\/\/karma-games.com\/de\/wp-json\/wp\/v2\/pages\/7325","targetHints":{"allow":["GET"]}}],"collection":[{"href":"https:\/\/karma-games.com\/de\/wp-json\/wp\/v2\/pages"}],"about":[{"href":"https:\/\/karma-games.com\/de\/wp-json\/wp\/v2\/types\/page"}],"author":[{"embeddable":true,"href":"https:\/\/karma-games.com\/de\/wp-json\/wp\/v2\/users\/2"}],"replies":[{"embeddable":true,"href":"https:\/\/karma-games.com\/de\/wp-json\/wp\/v2\/comments?post=7325"}],"version-history":[{"count":0,"href":"https:\/\/karma-games.com\/de\/wp-json\/wp\/v2\/pages\/7325\/revisions"}],"wp:attachment":[{"href":"https:\/\/karma-games.com\/de\/wp-json\/wp\/v2\/media?parent=7325"}],"curies":[{"name":"wp","href":"https:\/\/api.w.org\/{rel}","templated":true}]}}