{"id":10454,"date":"2025-11-21T15:41:13","date_gmt":"2025-11-21T14:41:13","guid":{"rendered":"https:\/\/karma-games.com\/clans-of-caledonia\/faq\/"},"modified":"2025-12-18T14:06:44","modified_gmt":"2025-12-18T13:06:44","slug":"faq","status":"publish","type":"page","link":"https:\/\/karma-games.com\/de\/clans-of-caledonia\/faq\/","title":{"rendered":"FAQ"},"content":{"rendered":"\n\n\t<section class=\"section\" id=\"section_1004065434\">\n\t\t<div class=\"section-bg fill\" >\n\t\t\t\t\t\t\t\t\t\n\t\t\t\n\n\t\t<\/div>\n\n\t\t\n\n\t\t<div class=\"section-content relative\">\n\t\t\t\n\n\t<div id=\"text-1702419253\" class=\"text\">\n\t\t\n\n<h1><a href=\"https:\/\/karma-games.com\/de\/clans-of-caledonia\/\">Clans of Caledonia<a><\/h1>\n\t\t\n<style>\n#text-1702419253 {\n  text-align: center;\n}\n<\/style>\n\t<\/div>\n\t\n<div class=\"row\"  id=\"row-219911282\">\n\n\n\t<div id=\"col-199035224\" class=\"col small-12 large-12\"  >\n\t\t\t\t<div class=\"col-inner text-center\"  >\n\t\t\t\n\t\t\t\n\n<a href=\"https:\/\/karma-games.com\/de\/industria-erweiterung\/\" class=\"button primary is-link\" >\n\t\t<span>Industria Erweiterung ansehen<\/span>\n\t<i class=\"icon-angle-right\" aria-hidden=\"true\"><\/i><\/a>\n\n\n\n\t\t<\/div>\n\t\t\t\t\t<\/div>\n\n\t\n\n<\/div>\n<div class=\"nav-wrapper\"><ul class=\"nav nav-uppercase nav-horizontal nav-line text-center nav-center\"><p class=\"lead shortcode-error text-center\">Sorry, no pages was found<\/p><\/ul><\/div>\n\n\n\t\t<\/div>\n\n\t\t\n<style>\n#section_1004065434 {\n  padding-top: 30px;\n  padding-bottom: 30px;\n}\n<\/style>\n\t<\/section>\n\t\n<div class=\"row\"  id=\"row-1620517203\">\n\n\n\t<div id=\"col-1162616053\" class=\"col small-12 large-12\"  >\n\t\t\t\t<div class=\"col-inner\"  >\n\t\t\t\n\t\t\t\n\n\n\t<section class=\"section\" id=\"section_1765932756\">\n\t\t<div class=\"section-bg fill\" >\n\t\t\t\t\t\t\t\t\t\n\t\t\t\n\n\t\t<\/div>\n\n\t\t\n\n\t\t<div class=\"section-content relative\">\n\t\t\t\n\n\n\n<h3 class=\"faq-category-title\">Allgemein<\/h3><div class=\"accordion\">\t<div id=\"accordion-3407701558\" class=\"accordion-item\">\n\t\t<a id=\"accordion-3407701558-label\" class=\"accordion-title plain\" href=\"#accordion-item-importg\u00fcter-wertung-(baumwolle,-tabak-und-zuckerrohr)\" aria-expanded=\"false\" aria-controls=\"accordion-3407701558-content\">\n\t\t\t<button class=\"toggle\" aria-label=\"Umschalten\"><i class=\"icon-angle-down\" aria-hidden=\"true\"><\/i><\/button>\n\t\t\t<span>Importg\u00fcter-Wertung (Baumwolle, Tabak und Zuckerrohr)<\/span>\n\t\t<\/a>\n\t\t<div id=\"accordion-3407701558-content\" class=\"accordion-inner\" aria-labelledby=\"accordion-3407701558-label\">\n\t\t\t<p>Die Wertung seltener Importg\u00fcter (Baumwolle, Tabak und Zuckerrohr): bei einem Gleichstand bez\u00fcglich der importierten Menge gilt Baumwolle als am seltensten, gefolgt von Tabak und zuletzt Zuckerrohr.<br><br><em>Beispiel: <\/em>Es wurden jeweils 5 Einheiten Baumwolle und Tabak sowie 7 Einheiten Zuckerrohr importiert. Bei einem Gleichstand ist Baumwolle seltener als Tabak, daher ist Baumwolle das seltenste Gut, Tabak das zweitseltenste und Zuckerrohr das h\u00e4ufigste Importgut. Folglich ist jede Einheit Baumwolle 5 Siegpunkte wert, jede Einheit Tabak 4 Siegpunkte und jede Einheit Zuckerrohr 3 Siegpunkte.  <\/p>\t\t<\/div>\n\t<\/div>\n\t\t<div id=\"accordion-4021049725\" class=\"accordion-item\">\n\t\t<a id=\"accordion-4021049725-label\" class=\"accordion-title plain\" href=\"#accordion-item-nachbarschaftsbonus\" aria-expanded=\"false\" aria-controls=\"accordion-4021049725-content\">\n\t\t\t<button class=\"toggle\" aria-label=\"Umschalten\"><i class=\"icon-angle-down\" aria-hidden=\"true\"><\/i><\/button>\n\t\t\t<span>Nachbarschaftsbonus<\/span>\n\t\t<\/a>\n\t\t<div id=\"accordion-4021049725-content\" class=\"accordion-inner\" aria-labelledby=\"accordion-4021049725-label\">\n\t\t\t<p>Wenn du in ein Feld expandierst, das an mehrere gegnerische Felder mit eingesetzten Einheiten angrenzt, darfst du f\u00fcr jede dieser Einheiten den Nachbarschaftsbonus nutzen. Du kannst jedoch pro Zug nicht mehr als drei Waren derselben Art kaufen (in einem 2-Spieler-Spiel vier), selbst wenn du in ein Feld expandierst, das an zwei identische Einheiten angrenzt. <\/p>\n\t\t<\/div>\n\t<\/div>\n\t\t<div id=\"accordion-4263799881\" class=\"accordion-item\">\n\t\t<a id=\"accordion-4263799881-label\" class=\"accordion-title plain\" href=\"#accordion-item-schifffahrt\" aria-expanded=\"false\" aria-controls=\"accordion-4263799881-content\">\n\t\t\t<button class=\"toggle\" aria-label=\"Umschalten\"><i class=\"icon-angle-down\" aria-hidden=\"true\"><\/i><\/button>\n\t\t\t<span>Schifffahrt<\/span>\n\t\t<\/a>\n\t\t<div id=\"accordion-4263799881-content\" class=\"accordion-inner\" aria-labelledby=\"accordion-4263799881-label\">\n\t\t\t<p>Schifffahrt: Sobald du \u00fcber Schifffahrt Stufe 1 oder h\u00f6her verf\u00fcgst, darfst du entweder ein See-Hex (oder mehr, je nach deinem Schifffahrtslevel) oder einen Fluss \u00fcberqueren, jedoch nicht beides w\u00e4hrend einer einzigen Expansionsaktion.<\/p>\n\t\t<\/div>\n\t<\/div>\n\t\t<div id=\"accordion-3386102943\" class=\"accordion-item\">\n\t\t<a id=\"accordion-3386102943-label\" class=\"accordion-title plain\" href=\"#accordion-item-solospiel\" aria-expanded=\"false\" aria-controls=\"accordion-3386102943-content\">\n\t\t\t<button class=\"toggle\" aria-label=\"Umschalten\"><i class=\"icon-angle-down\" aria-hidden=\"true\"><\/i><\/button>\n\t\t\t<span>Solospiel<\/span>\n\t\t<\/a>\n\t\t<div id=\"accordion-3386102943-content\" class=\"accordion-inner\" aria-labelledby=\"accordion-3386102943-label\">\n\t\t\t<p>You don\u2019t need to track the rare import goods on the track with markers (because you are alone and can see your own fulfilled contracts easily) but their value still depends on the relative amount you imported. The least imported good is still worth 5 SP each, and the most imported good is still worth 3 SP each, just as in the multiplayer game. <\/p>\n\t\t<\/div>\n\t<\/div>\n\t<\/div><h3 class=\"faq-category-title\">Clans<\/h3><div class=\"accordion\">\t<div id=\"accordion-1273042194\" class=\"accordion-item\">\n\t\t<a id=\"accordion-1273042194-label\" class=\"accordion-title plain\" href=\"#accordion-item-clan-buchanan\" aria-expanded=\"false\" aria-controls=\"accordion-1273042194-content\">\n\t\t\t<button class=\"toggle\" aria-label=\"Umschalten\"><i class=\"icon-angle-down\" aria-hidden=\"true\"><\/i><\/button>\n\t\t\t<span>Clan Buchanan<\/span>\n\t\t<\/a>\n\t\t<div id=\"accordion-1273042194-content\" class=\"accordion-inner\" aria-labelledby=\"accordion-1273042194-label\">\n\t\t\t<p>Buchanans Bonus wird f\u00fcr jede einzelne Gelegenheit, Vertragspl\u00e4ttchen zu ziehen, angewendet \u2013 egal, ob w\u00e4hrend einer Hauptaktion oder einer einzelnen Bonusaktion. Anders gesagt: Buchanan muss die normalen Vertragskosten zahlen, um einen Vertrag zu nehmen, UND muss die M\u00f6glichkeit, einen zweiten Vertrag kostenlos zu nehmen oder abzulehnen, genau zum Zeitpunkt der Aufl\u00f6sung der Haupt- oder Bonusaktion wahrnehmen. <\/p>\n<p><em>Beispiel:<\/em> Es ist Runde 3, und Vertr\u00e4ge kosten \u00a35. Ihre beiden Exporttonnen sind leer. Als Bonusaktion beanspruchen Sie den Hafen, der Ihnen einen Geb\u00e4udebonus gibt, und Sie entscheiden sich, nur 1 Vertrag zu nehmen und m\u00fcssen \u00a35 bezahlen (Sie h\u00e4tten 2 Vertr\u00e4ge f\u00fcr insgesamt \u00a35 nehmen k\u00f6nnen, haben sich aber dagegen entschieden). Dann, w\u00e4hrend Ihrer Hauptaktion, entscheiden Sie sich, einen Vertrag von der Exporttafel zu nehmen und m\u00fcssen erneut \u00a35 bezahlen.   <\/p>\n\t\t<\/div>\n\t<\/div>\n\t\t<div id=\"accordion-1267981220\" class=\"accordion-item\">\n\t\t<a id=\"accordion-1267981220-label\" class=\"accordion-title plain\" href=\"#accordion-item-clan-fergusson\" aria-expanded=\"false\" aria-controls=\"accordion-1267981220-content\">\n\t\t\t<button class=\"toggle\" aria-label=\"Umschalten\"><i class=\"icon-angle-down\" aria-hidden=\"true\"><\/i><\/button>\n\t\t\t<span>Clan Fergusson<\/span>\n\t\t<\/a>\n\t\t<div id=\"accordion-1267981220-content\" class=\"accordion-inner\" aria-labelledby=\"accordion-1267981220-label\">\n\t\t\t<p>Alle drei deiner anf\u00e4nglichen Arbeiter m\u00fcssen nicht nebeneinander platziert werden, aber sie m\u00fcssen auf Randfeldern der aktiven Karte eingesetzt werden.<\/p>\n\t\t<\/div>\n\t<\/div>\n\t<\/div>\n\n\t<div id=\"text-341135705\" class=\"text\">\n\t\t\n\n<p><a href=\"https:\/\/karma-games.com\/de\/industria-erweiterung\/faq\/\">Zum Industria Erweiterung FAQ gehen<\/a><\/p>\n\t\t\n<style>\n#text-341135705 {\n  text-align: center;\n}\n<\/style>\n\t<\/div>\n\t\n\n\t\t<\/div>\n\n\t\t\n<style>\n#section_1765932756 {\n  padding-top: 30px;\n  padding-bottom: 30px;\n}\n<\/style>\n\t<\/section>\n\t\n<div class=\"row\"  id=\"row-943011104\">\n\n\n\t<div id=\"col-1100159457\" class=\"col small-12 large-12\"  >\n\t\t\t\t<div class=\"col-inner\"  >\n\t\t\t\n\t\t\t\n\n<p>Viele Regel-Fragen wurden bereits auf <a href=\"https:\/\/boardgamegeek.com\/boardgame\/216132\/clans-caledonia\/forums\/66\"><strong>BoardGameGeek<\/strong><\/a> und in der <strong><a href=\"https:\/\/www.facebook.com\/groups\/211287216035628\/\">Clans of Caledonia Facebook-Gruppe<\/a><\/strong> beantwortet.<\/p>\n<p>Wenn deine Regel-Frage durch dieses FAQ oder die Regel-Threads auf BoardGameGeek und Facebook nicht beantwortet wird, kannst du deine Frage gerne auf BoardGameGeek oder Facebook posten. <\/p>\n\n\t\t<\/div>\n\t\t\t\t\t<\/div>\n\n\t\n\n<\/div>\n\n\t\t<\/div>\n\t\t\t\t\t<\/div>\n\n\t\n\n<\/div>\n\n","protected":false},"excerpt":{"rendered":"","protected":false},"author":145,"featured_media":0,"parent":9070,"menu_order":2,"comment_status":"closed","ping_status":"closed","template":"page-blank.php","meta":{"_monsterinsights_skip_tracking":false,"_monsterinsights_sitenote_active":false,"_monsterinsights_sitenote_note":"","_monsterinsights_sitenote_category":0,"_wp_convertkit_post_meta":{"form":"-1","landing_page":"0","tag":"0","restrict_content":"0"},"footnotes":""},"class_list":["post-10454","page","type-page","status-publish","hentry"],"_links":{"self":[{"href":"https:\/\/karma-games.com\/de\/wp-json\/wp\/v2\/pages\/10454","targetHints":{"allow":["GET"]}}],"collection":[{"href":"https:\/\/karma-games.com\/de\/wp-json\/wp\/v2\/pages"}],"about":[{"href":"https:\/\/karma-games.com\/de\/wp-json\/wp\/v2\/types\/page"}],"author":[{"embeddable":true,"href":"https:\/\/karma-games.com\/de\/wp-json\/wp\/v2\/users\/145"}],"replies":[{"embeddable":true,"href":"https:\/\/karma-games.com\/de\/wp-json\/wp\/v2\/comments?post=10454"}],"version-history":[{"count":0,"href":"https:\/\/karma-games.com\/de\/wp-json\/wp\/v2\/pages\/10454\/revisions"}],"up":[{"embeddable":true,"href":"https:\/\/karma-games.com\/de\/wp-json\/wp\/v2\/pages\/9070"}],"wp:attachment":[{"href":"https:\/\/karma-games.com\/de\/wp-json\/wp\/v2\/media?parent=10454"}],"curies":[{"name":"wp","href":"https:\/\/api.w.org\/{rel}","templated":true}]}}